{"id":538,"date":"2024-08-16T18:51:32","date_gmt":"2024-08-16T18:51:32","guid":{"rendered":"https:\/\/serafini.dokadesign.com.br\/?page_id=538"},"modified":"2024-08-22T20:58:21","modified_gmt":"2024-08-22T20:58:21","slug":"atuacao","status":"publish","type":"page","link":"https:\/\/serafini.dokadesign.com.br\/en\/atuacao\/","title":{"rendered":"Services"},"content":{"rendered":"<div data-elementor-type=\"wp-page\" data-elementor-id=\"538\" class=\"elementor elementor-538\" data-elementor-post-type=\"page\">\n\t\t\t\t<div class=\"elementor-element elementor-element-50327cd e-con-full e-flex e-con e-parent\" data-id=\"50327cd\" data-element_type=\"container\" data-settings=\"{&quot;background_background&quot;:&quot;classic&quot;}\">\n\t\t<div class=\"elementor-element elementor-element-cdd735e e-con-full e-flex e-con e-child\" data-id=\"cdd735e\" data-element_type=\"container\">\n\t\t\t\t<div class=\"elementor-element elementor-element-94cc554 elementor-widget elementor-widget-heading\" data-id=\"94cc554\" data-element_type=\"widget\" data-widget_type=\"heading.default\">\n\t\t\t\t<div class=\"elementor-widget-container\">\n\t\t\t\t\t<h2 class=\"elementor-heading-title elementor-size-default\">Consulting for Family Businesses<\/h2>\t\t\t\t<\/div>\n\t\t\t\t<\/div>\n\t\t<div class=\"elementor-element elementor-element-4733b41 e-con-full e-flex e-con e-child\" data-id=\"4733b41\" data-element_type=\"container\">\n\t\t<div class=\"elementor-element elementor-element-0b02bd0 e-con-full e-flex e-con e-child\" data-id=\"0b02bd0\" data-element_type=\"container\">\n\t\t\t\t<div class=\"elementor-element elementor-element-4b6038c elementor-widget elementor-widget-text-editor\" data-id=\"4b6038c\" data-element_type=\"widget\" data-widget_type=\"text-editor.default\">\n\t\t\t\t<div class=\"elementor-widget-container\">\n\t\t\t\t\t\t\t\t\t<ul><li>Wealth planning and structuring;<\/li><li>Corporate reorganization and planning;<\/li><li>Preparation of legal opinions;<\/li><li>Purchase and sale of assets;<\/li><li>Joint ventures;<\/li><li>Succession planning in family businesses;<\/li><li>Shareholder and\/or partner agreements;<\/li><li>Family protocol;<\/li><li>Purchase and sale of corporate shares;<\/li><li>Family holding company.<\/li><\/ul>\t\t\t\t\t\t\t\t<\/div>\n\t\t\t\t<\/div>\n\t\t\t\t<\/div>\n\t\t\t\t<\/div>\n\t\t\t\t<\/div>\n\t\t\t\t<\/div>\n\t\t<div class=\"elementor-element elementor-element-fbdbbf3 e-con-full e-flex e-con e-parent\" data-id=\"fbdbbf3\" data-element_type=\"container\" data-settings=\"{&quot;background_background&quot;:&quot;classic&quot;}\">\n\t\t<div class=\"elementor-element elementor-element-6e1328a e-con-full e-flex e-con e-child\" data-id=\"6e1328a\" data-element_type=\"container\">\n\t\t\t\t<div class=\"elementor-element elementor-element-0dbf493 elementor-widget elementor-widget-heading\" data-id=\"0dbf493\" data-element_type=\"widget\" data-widget_type=\"heading.default\">\n\t\t\t\t<div class=\"elementor-widget-container\">\n\t\t\t\t\t<h2 class=\"elementor-heading-title elementor-size-default\">Corporate Law<\/h2>\t\t\t\t<\/div>\n\t\t\t\t<\/div>\n\t\t<div class=\"elementor-element elementor-element-da14597 e-con-full e-flex e-con e-child\" data-id=\"da14597\" data-element_type=\"container\">\n\t\t<div class=\"elementor-element elementor-element-32fb85c e-con-full e-flex e-con e-child\" data-id=\"32fb85c\" data-element_type=\"container\">\n\t\t\t\t<div class=\"elementor-element elementor-element-2f9c5f8 elementor-widget elementor-widget-text-editor\" data-id=\"2f9c5f8\" data-element_type=\"widget\" data-widget_type=\"text-editor.default\">\n\t\t\t\t<div class=\"elementor-widget-container\">\n\t\t\t\t\t\t\t\t\t<ul><li>Formation of companies and corporate amendments;<\/li><li>Shareholders' and partners' agreements;<\/li><li>Corporate disputes;<\/li><li>Mergers, demergers, and acquisitions;<\/li><li>Advisory on acquisitions or sales of corporate interests, as well as negotiations with investment funds.<\/li><\/ul>\t\t\t\t\t\t\t\t<\/div>\n\t\t\t\t<\/div>\n\t\t\t\t<\/div>\n\t\t\t\t<\/div>\n\t\t\t\t<\/div>\n\t\t\t\t<\/div>\n\t\t<div class=\"elementor-element elementor-element-7341a07 e-con-full e-flex e-con e-parent\" data-id=\"7341a07\" data-element_type=\"container\" data-settings=\"{&quot;background_background&quot;:&quot;classic&quot;}\">\n\t\t<div class=\"elementor-element elementor-element-f05fcd2 e-con-full e-flex e-con e-child\" data-id=\"f05fcd2\" data-element_type=\"container\">\n\t\t\t\t<div class=\"elementor-element elementor-element-2d77995 elementor-widget elementor-widget-heading\" data-id=\"2d77995\" data-element_type=\"widget\" data-widget_type=\"heading.default\">\n\t\t\t\t<div class=\"elementor-widget-container\">\n\t\t\t\t\t<h2 class=\"elementor-heading-title elementor-size-default\">Tax Law<\/h2>\t\t\t\t<\/div>\n\t\t\t\t<\/div>\n\t\t<div class=\"elementor-element elementor-element-79f9634 e-con-full e-flex e-con e-child\" data-id=\"79f9634\" data-element_type=\"container\">\n\t\t<div class=\"elementor-element elementor-element-c119032 e-con-full e-flex e-con e-child\" data-id=\"c119032\" data-element_type=\"container\">\n\t\t\t\t<div class=\"elementor-element elementor-element-a4f89e3 elementor-widget elementor-widget-text-editor\" data-id=\"a4f89e3\" data-element_type=\"widget\" data-widget_type=\"text-editor.default\">\n\t\t\t\t<div class=\"elementor-widget-container\">\n\t\t\t\t\t\t\t\t\t<ul><li>Tax consulting;<\/li><li>Administrative and judicial litigation;<\/li><li>Recovery of tax credits;<\/li><li>Management of liabilities;<\/li><li>Preparation of legal opinions;<\/li><li>Tax planning, including analysis and development of tax strategies;<\/li><li>Preparation and submission of formal inquiries regarding the interpretation of tax legislation to the relevant authorities.<\/li><\/ul>\t\t\t\t\t\t\t\t<\/div>\n\t\t\t\t<\/div>\n\t\t\t\t<\/div>\n\t\t\t\t<\/div>\n\t\t\t\t<\/div>\n\t\t\t\t<\/div>\n\t\t<div class=\"elementor-element elementor-element-5d64a8f e-con-full e-flex e-con e-parent\" data-id=\"5d64a8f\" data-element_type=\"container\" data-settings=\"{&quot;background_background&quot;:&quot;classic&quot;}\">\n\t\t<div class=\"elementor-element elementor-element-39aca5c e-con-full e-flex e-con e-child\" data-id=\"39aca5c\" data-element_type=\"container\">\n\t\t\t\t<div class=\"elementor-element elementor-element-0cfb38d elementor-widget elementor-widget-heading\" data-id=\"0cfb38d\" data-element_type=\"widget\" data-widget_type=\"heading.default\">\n\t\t\t\t<div class=\"elementor-widget-container\">\n\t\t\t\t\t<h2 class=\"elementor-heading-title elementor-size-default\">Civil Law<\/h2>\t\t\t\t<\/div>\n\t\t\t\t<\/div>\n\t\t<div class=\"elementor-element elementor-element-abda573 e-con-full e-flex e-con e-child\" data-id=\"abda573\" data-element_type=\"container\">\n\t\t<div class=\"elementor-element elementor-element-98a6347 e-con-full e-flex e-con e-child\" data-id=\"98a6347\" data-element_type=\"container\">\n\t\t\t\t<div class=\"elementor-element elementor-element-0888927 elementor-widget elementor-widget-text-editor\" data-id=\"0888927\" data-element_type=\"widget\" data-widget_type=\"text-editor.default\">\n\t\t\t\t<div class=\"elementor-widget-container\">\n\t\t\t\t\t\t\t\t\t<ul><li>Drafting, negotiating, and managing general contracts;<\/li><li>Strategic civil litigation.<\/li><\/ul>\t\t\t\t\t\t\t\t<\/div>\n\t\t\t\t<\/div>\n\t\t\t\t<\/div>\n\t\t\t\t<\/div>\n\t\t\t\t<\/div>\n\t\t\t\t<\/div>\n\t\t<div class=\"elementor-element elementor-element-0b35352 e-con-full e-flex e-con e-parent\" data-id=\"0b35352\" data-element_type=\"container\" data-settings=\"{&quot;background_background&quot;:&quot;classic&quot;}\">\n\t\t<div class=\"elementor-element elementor-element-9a2a134 e-con-full e-flex e-con e-child\" data-id=\"9a2a134\" data-element_type=\"container\">\n\t\t\t\t<div class=\"elementor-element elementor-element-ba28b05 elementor-widget elementor-widget-heading\" data-id=\"ba28b05\" data-element_type=\"widget\" data-widget_type=\"heading.default\">\n\t\t\t\t<div class=\"elementor-widget-container\">\n\t\t\t\t\t<h2 class=\"elementor-heading-title elementor-size-default\">Real State Law<\/h2>\t\t\t\t<\/div>\n\t\t\t\t<\/div>\n\t\t<div class=\"elementor-element elementor-element-031bea4 e-con-full e-flex e-con e-child\" data-id=\"031bea4\" data-element_type=\"container\">\n\t\t<div class=\"elementor-element elementor-element-8dfe9e6 e-con-full e-flex e-con e-child\" data-id=\"8dfe9e6\" data-element_type=\"container\">\n\t\t\t\t<div class=\"elementor-element elementor-element-d6fcfeb elementor-widget elementor-widget-text-editor\" data-id=\"d6fcfeb\" data-element_type=\"widget\" data-widget_type=\"text-editor.default\">\n\t\t\t\t<div class=\"elementor-widget-container\">\n\t\t\t\t\t\t\t\t\t<ul><li>Purchase and sale of properties;<\/li><li>Leasing;<\/li><li>Real estate auditing;<\/li><li>Area rectification;<\/li><li>Adverse possession.<\/li><\/ul>\t\t\t\t\t\t\t\t<\/div>\n\t\t\t\t<\/div>\n\t\t\t\t<\/div>\n\t\t\t\t<\/div>\n\t\t\t\t<\/div>\n\t\t\t\t<\/div>\n\t\t<div class=\"elementor-element elementor-element-091f3bd e-con-full e-flex e-con e-parent\" data-id=\"091f3bd\" data-element_type=\"container\" data-settings=\"{&quot;background_background&quot;:&quot;classic&quot;}\">\n\t\t<div class=\"elementor-element elementor-element-59a8bec e-con-full e-flex e-con e-child\" data-id=\"59a8bec\" data-element_type=\"container\">\n\t\t\t\t<div class=\"elementor-element elementor-element-b71541c elementor-widget elementor-widget-heading\" data-id=\"b71541c\" data-element_type=\"widget\" data-widget_type=\"heading.default\">\n\t\t\t\t<div class=\"elementor-widget-container\">\n\t\t\t\t\t<h2 class=\"elementor-heading-title elementor-size-default\">Agrarian Law<\/h2>\t\t\t\t<\/div>\n\t\t\t\t<\/div>\n\t\t<div class=\"elementor-element elementor-element-853896d e-con-full e-flex e-con e-child\" data-id=\"853896d\" data-element_type=\"container\">\n\t\t<div class=\"elementor-element elementor-element-a88ee53 e-con-full e-flex e-con e-child\" data-id=\"a88ee53\" data-element_type=\"container\">\n\t\t\t\t<div class=\"elementor-element elementor-element-436508d elementor-widget elementor-widget-text-editor\" data-id=\"436508d\" data-element_type=\"widget\" data-widget_type=\"text-editor.default\">\n\t\t\t\t<div class=\"elementor-widget-container\">\n\t\t\t\t\t\t\t\t\t<ul><li>Regularization of rural areas;<\/li><li>Purchase and sale contracts;<\/li><li>Agricultural partnership contracts;<\/li><li>Lease agreements.<\/li><\/ul>\t\t\t\t\t\t\t\t<\/div>\n\t\t\t\t<\/div>\n\t\t\t\t<\/div>\n\t\t\t\t<\/div>\n\t\t\t\t<\/div>\n\t\t\t\t<\/div>\n\t\t\t\t<\/div>","protected":false},"excerpt":{"rendered":"<p>Consultoria para Fam\u00edlias Empres\u00e1rias Planejamento e estrutura\u00e7\u00e3o patrimonial; Reorganiza\u00e7\u00e3o e planejamento societ\u00e1rio; Elabora\u00e7\u00e3o de pareceres; Compra e venda de ativos; Joint ventures; Planejamento sucess\u00f3rio em empresas familiares; Acordos de acionistas e\/ou de quotistas; Protocolo familiar; Compra e venda de participa\u00e7\u00f5es societ\u00e1rias; Holding familiar. Direito Societ\u00e1rio Constitui\u00e7\u00e3o de sociedades e altera\u00e7\u00f5es societ\u00e1rias; Acordo de s\u00f3cios e [&hellip;]<\/p>","protected":false},"author":1,"featured_media":0,"parent":0,"menu_order":0,"comment_status":"closed","ping_status":"closed","template":"","meta":{"om_disable_all_campaigns":false,"_monsterinsights_skip_tracking":false,"_monsterinsights_sitenote_active":false,"_monsterinsights_sitenote_note":"","_monsterinsights_sitenote_category":0,"footnotes":""},"folder":[],"class_list":["post-538","page","type-page","status-publish","hentry"],"aioseo_notices":[],"_links":{"self":[{"href":"https:\/\/serafini.dokadesign.com.br\/en\/wp-json\/wp\/v2\/pages\/538","targetHints":{"allow":["GET"]}}],"collection":[{"href":"https:\/\/serafini.dokadesign.com.br\/en\/wp-json\/wp\/v2\/pages"}],"about":[{"href":"https:\/\/serafini.dokadesign.com.br\/en\/wp-json\/wp\/v2\/types\/page"}],"author":[{"embeddable":true,"href":"https:\/\/serafini.dokadesign.com.br\/en\/wp-json\/wp\/v2\/users\/1"}],"replies":[{"embeddable":true,"href":"https:\/\/serafini.dokadesign.com.br\/en\/wp-json\/wp\/v2\/comments?post=538"}],"version-history":[{"count":15,"href":"https:\/\/serafini.dokadesign.com.br\/en\/wp-json\/wp\/v2\/pages\/538\/revisions"}],"predecessor-version":[{"id":629,"href":"https:\/\/serafini.dokadesign.com.br\/en\/wp-json\/wp\/v2\/pages\/538\/revisions\/629"}],"wp:attachment":[{"href":"https:\/\/serafini.dokadesign.com.br\/en\/wp-json\/wp\/v2\/media?parent=538"}],"wp:term":[{"taxonomy":"folder","embeddable":true,"href":"https:\/\/serafini.dokadesign.com.br\/en\/wp-json\/wp\/v2\/folder?post=538"}],"curies":[{"name":"wp","href":"https:\/\/api.w.org\/{rel}","templated":true}]}}